{"id":1166,"date":"2023-06-22T12:07:32","date_gmt":"2023-06-22T10:07:32","guid":{"rendered":"https:\/\/leocor.rs\/?page_id=1166"},"modified":"2023-06-22T15:48:29","modified_gmt":"2023-06-22T13:48:29","slug":"politika-menadzmenta","status":"publish","type":"page","link":"https:\/\/leocor.rs\/en\/management-policy\/","title":{"rendered":"Politika Menad\u017ementa"},"content":{"rendered":"<div data-elementor-type=\"wp-page\" data-elementor-id=\"1166\" class=\"elementor elementor-1166\">\n\t\t\t\t\t\t\t\t\t<section class=\"elementor-section elementor-top-section elementor-element elementor-element-eca474e avo-section-mode1 elementor-section-boxed elementor-section-height-default elementor-section-height-default\" data-id=\"eca474e\" data-element_type=\"section\" data-settings=\"{&quot;background_background&quot;:&quot;classic&quot;}\">\n\t\t\t\t\t\t<div class=\"elementor-container elementor-column-gap-no\">\n\t\t\t\t\t<div class=\"elementor-column elementor-col-100 elementor-top-column elementor-element elementor-element-59304e8\" data-id=\"59304e8\" data-element_type=\"column\">\n\t\t\t<div class=\"elementor-widget-wrap elementor-element-populated\">\n\t\t\t\t\t\t\t\t<div class=\"elementor-element elementor-element-398bb54 animated-slow elementor-invisible elementor-widget elementor-widget-avo-title\" data-id=\"398bb54\" data-element_type=\"widget\" data-settings=\"{&quot;_animation&quot;:&quot;fadeInDown&quot;,&quot;_animation_delay&quot;:800}\" data-widget_type=\"avo-title.default\">\n\t\t\t\t<div class=\"elementor-widget-container\">\n\t\t\t \r\n<div class=\"avo-title style-1\">\r\n\r\n\t    <div class=\"animate sub-title\">\r\n        <h6>WE CARE ABOUT EVERY DETAIL<\/h6>\r\n        <span><\/span>\r\n        <span><\/span>\r\n        <span><\/span>\r\n    <\/div>\r\n    \r\n        <h3 class=\"main-title\" data-splitting>The policy of the integrated management system<\/h3>\r\n        <p class=\"txt\" data-splitting><\/p>\r\n\t<\/div>\t\t<\/div>\n\t\t\t\t<\/div>\n\t\t\t\t<div class=\"elementor-element elementor-element-6bf6c0e animated-slow elementor-invisible elementor-widget elementor-widget-text-editor\" data-id=\"6bf6c0e\" data-element_type=\"widget\" data-settings=\"{&quot;_animation&quot;:&quot;fadeIn&quot;,&quot;_animation_delay&quot;:1000}\" data-widget_type=\"text-editor.default\">\n\t\t\t\t<div class=\"elementor-widget-container\">\n\t\t\t<style>\/*! elementor - v3.6.1 - 23-03-2022 *\/\n.elementor-widget-text-editor.elementor-drop-cap-view-stacked .elementor-drop-cap{background-color:#818a91;color:#fff}.elementor-widget-text-editor.elementor-drop-cap-view-framed .elementor-drop-cap{color:#818a91;border:3px solid;background-color:transparent}.elementor-widget-text-editor:not(.elementor-drop-cap-view-default) .elementor-drop-cap{margin-top:8px}.elementor-widget-text-editor:not(.elementor-drop-cap-view-default) .elementor-drop-cap-letter{width:1em;height:1em}.elementor-widget-text-editor .elementor-drop-cap{float:left;text-align:center;line-height:1;font-size:50px}.elementor-widget-text-editor .elementor-drop-cap-letter{display:inline-block}<\/style>\t\t\t\t<p class=\" translation-block\">The policy of the integrated management system (IMS) of the company \"LEOCOR\" is an integral part of its overall business policy and serves as a management tool in guiding the organization towards improving its performance.<\/p><p><em>The goal of the management system policy is to meet the requirements and expectations of interested parties (customers, suppliers, owners, employees, the community), while continuously improving the management system and enhancing the effectiveness and efficiency of the company's overall operations. <\/em><\/p><p><em>The policy of the integrated management system is based on the following principles:<\/em><\/p><ul><li class=\" translation-block\">Respecting and fulfilling the needs and expectations of service users and implementing measures to increase their satisfaction in accordance with good business practices and applicable standards.<\/li><li><em>Involving employees in the development of the organization, utilizing their knowledge and experience, and providing an environment in which they are motivated to achieve the organization's goals.<\/em><\/li><\/ul><ul><li><em>Conducting periodic reviews of the business system and integrated management system according to the requirements of standards SRPS ISO 9001:2015, SRPS ISO 14001:2015, and SRPS ISO 45001:2018, aiming for continuous improvement of the system's effectiveness and the quality of its products and services.<\/em><ul><li><em>Informing all stakeholders about the commitment to improving quality, environmental protection, and occupational health and safety.<\/em><\/li><li><em>Devotion to preventing and mitigating environmental pollution.<\/em><em>. <\/em><\/li><li><em>Dedication to eliminating hazards and reducing risks to health, consulting and involving employees to continuously improve their health and safety, as well as that of visitors.<\/em><\/li><li class=\" translation-block\">Developing partnerships with customers (service users) to enhance the overall business process in mutual interest, particularly to better fulfill the requirements expressed through contractual documentation.<\/li><\/ul><\/li><li><em>Providing necessary training and education for employees and raising awareness regarding quality improvement, environmental protection, and occupational health and safety.<\/em><\/li><li><em>Commitment to fulfilling all obligations for compliance with legal and other requirements related to quality, environmental protection, and occupational health and safety.<\/em><\/li><li><em>Commitment to continual improvement of the system and processes in the areas of quality, environmental protection, and occupational health and safety.<\/em><\/li><\/ul><p class=\" translation-block\">The top management is dedicated to the continuous improvement of the integrated management system. The director of \"LEOCOR\" d.o.o. communicates and interprets the IMS policy to employees. The IMS policy is periodically reviewed and modified as needed to achieve continuous improvement.<\/p><p><em>Aran\u0111elovac, 30.01.2022.\u00a0\u00a0\u00a0\u00a0\u00a0\u00a0\u00a0\u00a0\u00a0\u00a0\u00a0\u00a0\u00a0\u00a0\u00a0\u00a0\u00a0\u00a0\u00a0\u00a0\u00a0\u00a0\u00a0\u00a0\u00a0\u00a0\u00a0\u00a0\u00a0\u00a0\u00a0\u00a0\u00a0\u00a0\u00a0\u00a0\u00a0\u00a0\u00a0\u00a0\u00a0\u00a0\u00a0\u00a0\u00a0\u00a0\u00a0\u00a0\u00a0\u00a0\u00a0\u00a0\u00a0\u00a0\u00a0\u00a0\u00a0\u00a0\u00a0\u00a0\u00a0\u00a0\u00a0 <\/em><\/p><p><em>\u00a0<\/em><\/p><p><strong><em>\u201c<\/em><em>LEOCOR<\/em><\/strong><em><strong>\u201d d.o.o.<\/strong><br \/><\/em><em>Pe\u0111a Radovanovi\u0107<\/em><\/p>\t\t\t\t\t\t<\/div>\n\t\t\t\t<\/div>\n\t\t\t\t\t<\/div>\n\t\t<\/div>\n\t\t\t\t\t\t\t<\/div>\n\t\t<\/section>\n\t\t\t\t\t\t\t<\/div>","protected":false},"excerpt":{"rendered":"<p>Brinemo o svakom detalju Politika integrisanog sistema menad\u017ementa Politika integrisanog menad\u017ement sistema (IMS) preduze\u0107a \u201cLEOCOR\u201d \u00a0je integralni deo njegove sveukupne poslovne politike i predstavlja sredstvo menad\u017ementa u vo\u0111enju organizacije ka pobolj\u0161avanju performansi. Cilj politike sistema menad\u017ementa je zadovoljenje zahteva i o\u010dekivanja zainteresovanih strana (kupci, isporu\u010dioci, vlasnici, zaposleni, dru\u0161tvena zajednica), uz stalno pobolj\u0161avanje menad\u017ement sistema i pove\u0107anje efektivnosti i efikasnosti kompletnog &hellip;<\/p>","protected":false},"author":1,"featured_media":0,"parent":0,"menu_order":0,"comment_status":"closed","ping_status":"closed","template":"blank-builder.php","meta":[],"_links":{"self":[{"href":"https:\/\/leocor.rs\/en\/wp-json\/wp\/v2\/pages\/1166"}],"collection":[{"href":"https:\/\/leocor.rs\/en\/wp-json\/wp\/v2\/pages"}],"about":[{"href":"https:\/\/leocor.rs\/en\/wp-json\/wp\/v2\/types\/page"}],"author":[{"embeddable":true,"href":"https:\/\/leocor.rs\/en\/wp-json\/wp\/v2\/users\/1"}],"replies":[{"embeddable":true,"href":"https:\/\/leocor.rs\/en\/wp-json\/wp\/v2\/comments?post=1166"}],"version-history":[{"count":16,"href":"https:\/\/leocor.rs\/en\/wp-json\/wp\/v2\/pages\/1166\/revisions"}],"predecessor-version":[{"id":1209,"href":"https:\/\/leocor.rs\/en\/wp-json\/wp\/v2\/pages\/1166\/revisions\/1209"}],"wp:attachment":[{"href":"https:\/\/leocor.rs\/en\/wp-json\/wp\/v2\/media?parent=1166"}],"curies":[{"name":"wp","href":"https:\/\/api.w.org\/{rel}","templated":true}]}}