{"id":610,"date":"2020-10-04T22:03:14","date_gmt":"2020-10-04T22:03:14","guid":{"rendered":"http:\/\/avo.smartinnovates.com\/demo2\/?page_id=610"},"modified":"2023-06-22T13:00:26","modified_gmt":"2023-06-22T11:00:26","slug":"home02-dark","status":"publish","type":"page","link":"https:\/\/leocor.rs\/en\/","title":{"rendered":"Home"},"content":{"rendered":"<div data-elementor-type=\"wp-page\" data-elementor-id=\"610\" class=\"elementor elementor-610\">\n\t\t\t\t\t\t\t\t\t<section class=\"elementor-section elementor-top-section elementor-element elementor-element-23965adb elementor-section-full_width elementor-section-height-min-height elementor-section-height-default elementor-section-items-middle\" data-id=\"23965adb\" data-element_type=\"section\">\n\t\t\t\t\t\t<div class=\"elementor-container elementor-column-gap-no\">\n\t\t\t\t\t<div class=\"elementor-column elementor-col-100 elementor-top-column elementor-element elementor-element-2fd1ed6d\" data-id=\"2fd1ed6d\" data-element_type=\"column\">\n\t\t\t<div class=\"elementor-widget-wrap elementor-element-populated\">\n\t\t\t\t\t\t\t\t<div class=\"elementor-element elementor-element-4ac3bd7c elementor-widget elementor-widget-dsc-slider\" data-id=\"4ac3bd7c\" data-element_type=\"widget\" data-widget_type=\"dsc-slider.default\">\n\t\t\t\t<div class=\"elementor-widget-container\">\n\t\t\t<div class=\"avo-slider style-7\" data-slider-settings='{\"autoplay\":true,\"parallax\":true,\"loop\":true,\"speed\":5000}'>\r\n    <div class=\"slider\">\r\n        <div class=\"swiper-container parallax-slider avo-slider7\"> \r\n            <div class=\"swiper-wrapper\">\r\n\r\n            \t                <div class=\"swiper-slide\">\r\n                    <div class=\"bg-img valign\" style=\"background-image:url(https:\/\/leocor.rs\/wp-content\/uploads\/2022\/03\/korugovane-cevi_corugated-pipes.jpg);\">\r\n                        <div class=\"container\">\r\n                            <div class=\"row\">\r\n                                <div class=\"col-lg-12\">\r\n                                    <div class=\"caption dig\">\r\n                                        <h1 data-splitting>Rubber seals<br> za korugovane cevi                                        <\/h1>\r\n                                                                                <a href=\"\" class=\"simple-btn mt-50\">\r\n                                            <span>Read more<\/span>\r\n                                        <\/a>\r\n                                                                            <\/div>\r\n                                <\/div>\r\n                            <\/div>\r\n                        <\/div>\r\n                    <\/div>\r\n                <\/div>\r\n                                <div class=\"swiper-slide\">\r\n                    <div class=\"bg-img valign\" style=\"background-image:url(https:\/\/leocor.rs\/wp-content\/uploads\/2022\/03\/dpi-plastics-and-sappma-to-eliminate-lead-from-all-plastic-pipes-in-sa-scaled.jpg);\">\r\n                        <div class=\"container\">\r\n                            <div class=\"row\">\r\n                                <div class=\"col-lg-12\">\r\n                                    <div class=\"caption dig\">\r\n                                        <h1 data-splitting>Rubber seals<br>  for sewage pipes                                         <\/h1>\r\n                                                                                <a href=\"\" class=\"simple-btn mt-50\">\r\n                                            <span>Read more<\/span>\r\n                                        <\/a>\r\n                                                                            <\/div>\r\n                                <\/div>\r\n                            <\/div>\r\n                        <\/div>\r\n                    <\/div>\r\n                <\/div>\r\n                                <div class=\"swiper-slide\">\r\n                    <div class=\"bg-img valign\" style=\"background-image:url(https:\/\/leocor.rs\/wp-content\/uploads\/2022\/03\/PEX_0371-scaled.jpg);\">\r\n                        <div class=\"container\">\r\n                            <div class=\"row\">\r\n                                <div class=\"col-lg-12\">\r\n                                    <div class=\"caption dig\">\r\n                                        <h1 data-splitting>Automated <br>production process                                        <\/h1>\r\n                                                                                <a href=\"#0\" class=\"simple-btn mt-50\">\r\n                                            <span>Read more<\/span>\r\n                                        <\/a>\r\n                                                                            <\/div>\r\n                                <\/div>\r\n                            <\/div>\r\n                        <\/div>\r\n                    <\/div>\r\n                <\/div>\r\n                \r\n            <\/div>\r\n\r\n            <!-- slider setting -->\r\n                        <div class=\"setone setwo\">\r\n                <div class=\"swiper-button-next swiper-nav-ctrl next-ctrl cursor-pointer\">\r\n                    <i class=\"fas fa-chevron-right\"><\/i>\r\n                <\/div>\r\n                <div class=\"swiper-button-prev swiper-nav-ctrl prev-ctrl cursor-pointer\">\r\n                    <i class=\"fas fa-chevron-left\"><\/i>\r\n                <\/div>\r\n            <\/div>\r\n            \r\n                        <div class=\"swiper-pagination top botm custom-font\"><\/div>\r\n                    <\/div>\r\n    <\/div>\r\n\r\n<\/div>\r\n\t\t<\/div>\n\t\t\t\t<\/div>\n\t\t\t\t\t<\/div>\n\t\t<\/div>\n\t\t\t\t\t\t\t<\/div>\n\t\t<\/section>\n\t\t\t\t<section class=\"elementor-section elementor-top-section elementor-element elementor-element-4f1916d9 avo-section-mode1 elementor-section-boxed elementor-section-height-default elementor-section-height-default\" data-id=\"4f1916d9\" data-element_type=\"section\" data-settings=\"{&quot;background_background&quot;:&quot;classic&quot;}\">\n\t\t\t\t\t\t<div class=\"elementor-container elementor-column-gap-no\">\n\t\t\t\t\t<div class=\"elementor-column elementor-col-100 elementor-top-column elementor-element elementor-element-78564ae4\" data-id=\"78564ae4\" data-element_type=\"column\">\n\t\t\t<div class=\"elementor-widget-wrap elementor-element-populated\">\n\t\t\t\t\t\t\t\t<section class=\"elementor-section elementor-inner-section elementor-element elementor-element-2371d64e elementor-section-boxed elementor-section-height-default elementor-section-height-default\" data-id=\"2371d64e\" data-element_type=\"section\">\n\t\t\t\t\t\t<div class=\"elementor-container elementor-column-gap-default\">\n\t\t\t\t\t<div class=\"elementor-column elementor-col-50 elementor-inner-column elementor-element elementor-element-1ad2ec22\" data-id=\"1ad2ec22\" data-element_type=\"column\">\n\t\t\t<div class=\"elementor-widget-wrap elementor-element-populated\">\n\t\t\t\t\t\t\t\t<div class=\"elementor-element elementor-element-b185730 elementor-invisible elementor-widget elementor-widget-avo-title\" data-id=\"b185730\" data-element_type=\"widget\" data-settings=\"{&quot;_animation&quot;:&quot;fadeInUp&quot;}\" data-widget_type=\"avo-title.default\">\n\t\t\t\t<div class=\"elementor-widget-container\">\n\t\t\t \r\n<div class=\"avo-title style-1\">\r\n\r\n\t    <div class=\"animate sub-title\">\r\n        <h6>GET TO KNOW US EVEN BETTER<\/h6>\r\n        <span><\/span>\r\n        <span><\/span>\r\n        <span><\/span>\r\n    <\/div>\r\n    \r\n        <h3 class=\"main-title\" data-splitting>We build mutual trust <br> almost three decades<\/h3>\r\n        <p class=\"txt\" data-splitting><\/p>\r\n\t<\/div>\t\t<\/div>\n\t\t\t\t<\/div>\n\t\t\t\t\t<\/div>\n\t\t<\/div>\n\t\t\t\t<div class=\"elementor-column elementor-col-50 elementor-inner-column elementor-element elementor-element-710ea9fd\" data-id=\"710ea9fd\" data-element_type=\"column\">\n\t\t\t<div class=\"elementor-widget-wrap elementor-element-populated\">\n\t\t\t\t\t\t\t\t<div class=\"elementor-element elementor-element-798da07 elementor-widget elementor-widget-text-editor\" data-id=\"798da07\" data-element_type=\"widget\" data-widget_type=\"text-editor.default\">\n\t\t\t\t<div class=\"elementor-widget-container\">\n\t\t\t<style>\/*! elementor - v3.6.1 - 23-03-2022 *\/\n.elementor-widget-text-editor.elementor-drop-cap-view-stacked .elementor-drop-cap{background-color:#818a91;color:#fff}.elementor-widget-text-editor.elementor-drop-cap-view-framed .elementor-drop-cap{color:#818a91;border:3px solid;background-color:transparent}.elementor-widget-text-editor:not(.elementor-drop-cap-view-default) .elementor-drop-cap{margin-top:8px}.elementor-widget-text-editor:not(.elementor-drop-cap-view-default) .elementor-drop-cap-letter{width:1em;height:1em}.elementor-widget-text-editor .elementor-drop-cap{float:left;text-align:center;line-height:1;font-size:50px}.elementor-widget-text-editor .elementor-drop-cap-letter{display:inline-block}<\/style>\t\t\t\t<p>Leocor DOO is a leading company in the production of rubber seals for sewage pipes and fittings. With a long tradition of successful operations and a focus on quality, we have gained a reputation as a leader in the region. Our commitment to technological advancement and adaptability to client requirements makes us a reliable partner.<\/p><p>Our company is always at the forefront of technology and innovation. We continually invest in the modernization of our production facilities to ensure state-of-the-art manufacturing processes. Our expert team constantly monitors new trends and technological innovations to ensure that our products meet the highest quality standards.<\/p><p>In addition to standard products, we can fulfill special client requests. Our flexibility in production allows us to create custom rubber components according to specific specifications and client needs. Our goal is to provide the best solution for every situation and establish long-term partnerships based on trust and quality.<\/p>\t\t\t\t\t\t<\/div>\n\t\t\t\t<\/div>\n\t\t\t\t\t<\/div>\n\t\t<\/div>\n\t\t\t\t\t\t\t<\/div>\n\t\t<\/section>\n\t\t\t\t<div class=\"elementor-element elementor-element-5591de7 elementor-hidden-desktop elementor-hidden-tablet elementor-widget elementor-widget-avo-title\" data-id=\"5591de7\" data-element_type=\"widget\" data-widget_type=\"avo-title.default\">\n\t\t\t\t<div class=\"elementor-widget-container\">\n\t\t\t\r\n\r\n<div class=\"avo-header style-5 text-center\">\r\n    <div class=\"container\">\r\n        <div class=\"sec-head custom-font\">\r\n            <h6 class=\"custom-font\"><\/h6>\r\n            <h3 class=\"custom-font\"><\/h3>\r\n            <span class=\"tbg text-left\">O nama<\/span>\r\n        <\/div>\r\n    <\/div>\r\n<\/div>\t\t<\/div>\n\t\t\t\t<\/div>\n\t\t\t\t\t<\/div>\n\t\t<\/div>\n\t\t\t\t\t\t\t<\/div>\n\t\t<\/section>\n\t\t\t\t<section class=\"elementor-section elementor-top-section elementor-element elementor-element-380b3fbf avo-section-mode1 elementor-section-boxed elementor-section-height-default elementor-section-height-default\" data-id=\"380b3fbf\" data-element_type=\"section\" data-settings=\"{&quot;background_background&quot;:&quot;classic&quot;}\">\n\t\t\t\t\t\t\t<div class=\"elementor-background-overlay\"><\/div>\n\t\t\t\t\t\t\t<div class=\"elementor-container elementor-column-gap-default\">\n\t\t\t\t\t<div class=\"elementor-column elementor-col-50 elementor-top-column elementor-element elementor-element-5e5ac6f1\" data-id=\"5e5ac6f1\" data-element_type=\"column\">\n\t\t\t<div class=\"elementor-widget-wrap elementor-element-populated\">\n\t\t\t\t\t\t\t\t<div class=\"elementor-element elementor-element-388adffa elementor-invisible elementor-widget elementor-widget-avo-title\" data-id=\"388adffa\" data-element_type=\"widget\" data-settings=\"{&quot;_animation&quot;:&quot;fadeInUp&quot;}\" data-widget_type=\"avo-title.default\">\n\t\t\t\t<div class=\"elementor-widget-container\">\n\t\t\t\r\n\r\n<div class=\"avo-title style-2\">\r\n\t<h2 class=\"animate custom-font\" data-splitting>You want cooperation <b>with us <\/b>.<\/h2>\r\n<\/div>\t\t<\/div>\n\t\t\t\t<\/div>\n\t\t\t\t\t<\/div>\n\t\t<\/div>\n\t\t\t\t<div class=\"elementor-column elementor-col-50 elementor-top-column elementor-element elementor-element-4009d5cc\" data-id=\"4009d5cc\" data-element_type=\"column\">\n\t\t\t<div class=\"elementor-widget-wrap elementor-element-populated\">\n\t\t\t\t\t\t\t\t<div class=\"elementor-element elementor-element-4026589c elementor-invisible elementor-widget elementor-widget-avo-button\" data-id=\"4026589c\" data-element_type=\"widget\" data-settings=\"{&quot;_animation&quot;:&quot;fadeInUp&quot;,&quot;_animation_delay&quot;:500}\" data-widget_type=\"avo-button.default\">\n\t\t\t\t<div class=\"elementor-widget-container\">\n\t\t\t\r\n\r\n<div  style=\"text-align: center; width: 100%;\">\r\n\t<a href=\"\" class=\"button style-1 btn-lit mode-1\" data-wow-delay=\".5s\">\r\n\r\n\t\t<span>contact us here<\/span>\r\n\t<\/a>\r\n<\/div>\t\t<\/div>\n\t\t\t\t<\/div>\n\t\t\t\t\t<\/div>\n\t\t<\/div>\n\t\t\t\t\t\t\t<\/div>\n\t\t<\/section>\n\t\t\t\t\t\t\t<\/div>","protected":false},"excerpt":{"rendered":"<p>Gumene zaptivke za korugovane cevi Detaljnije Gumene zaptivke za kanalizacione cevi Detaljnije Automatizovan proces proizvodnje Detaljnije Upoznajte nas jo\u0161 bolje Gradimo uzajamno poverenje skoro tri decenije Leocor DOO je vode\u0107a kompanija u proizvodnji gumenih zaptivki za kanalizacione cevi i fitinge. Sa dugom tradicijom uspe\u0161nog poslovanja i fokusom na kvalitet, stekli smo reputaciju lidera u regionu. Na\u0161a posve\u0107enost tehnolo\u0161kom unapre\u0111enju i &hellip;<\/p>","protected":false},"author":1,"featured_media":0,"parent":0,"menu_order":0,"comment_status":"closed","ping_status":"closed","template":"blank-builder.php","meta":[],"_links":{"self":[{"href":"https:\/\/leocor.rs\/en\/wp-json\/wp\/v2\/pages\/610"}],"collection":[{"href":"https:\/\/leocor.rs\/en\/wp-json\/wp\/v2\/pages"}],"about":[{"href":"https:\/\/leocor.rs\/en\/wp-json\/wp\/v2\/types\/page"}],"author":[{"embeddable":true,"href":"https:\/\/leocor.rs\/en\/wp-json\/wp\/v2\/users\/1"}],"replies":[{"embeddable":true,"href":"https:\/\/leocor.rs\/en\/wp-json\/wp\/v2\/comments?post=610"}],"version-history":[{"count":96,"href":"https:\/\/leocor.rs\/en\/wp-json\/wp\/v2\/pages\/610\/revisions"}],"predecessor-version":[{"id":1180,"href":"https:\/\/leocor.rs\/en\/wp-json\/wp\/v2\/pages\/610\/revisions\/1180"}],"wp:attachment":[{"href":"https:\/\/leocor.rs\/en\/wp-json\/wp\/v2\/media?parent=610"}],"curies":[{"name":"wp","href":"https:\/\/api.w.org\/{rel}","templated":true}]}}