{"id":798,"date":"2022-03-30T17:12:17","date_gmt":"2022-03-30T17:12:17","guid":{"rendered":"https:\/\/leocor.rs\/?page_id=798"},"modified":"2023-06-22T12:56:51","modified_gmt":"2023-06-22T10:56:51","slug":"kvalitet","status":"publish","type":"page","link":"https:\/\/leocor.rs\/en\/quality\/","title":{"rendered":"Quality"},"content":{"rendered":"<div data-elementor-type=\"wp-page\" data-elementor-id=\"798\" class=\"elementor elementor-798\">\n\t\t\t\t\t\t\t\t\t<section class=\"elementor-section elementor-top-section elementor-element elementor-element-b1c637a elementor-section-full_width elementor-section-height-min-height elementor-reverse-mobile elementor-section-height-default elementor-section-items-middle\" data-id=\"b1c637a\" data-element_type=\"section\">\n\t\t\t\t\t\t<div class=\"elementor-container elementor-column-gap-default\">\n\t\t\t\t\t<div class=\"elementor-column elementor-col-50 elementor-top-column elementor-element elementor-element-fa2b5b7\" data-id=\"fa2b5b7\" data-element_type=\"column\">\n\t\t\t<div class=\"elementor-widget-wrap elementor-element-populated\">\n\t\t\t\t\t\t\t\t<section class=\"elementor-section elementor-inner-section elementor-element elementor-element-6e6fe21 elementor-section-boxed elementor-section-height-default elementor-section-height-default\" data-id=\"6e6fe21\" data-element_type=\"section\">\n\t\t\t\t\t\t<div class=\"elementor-container elementor-column-gap-default\">\n\t\t\t\t\t<div class=\"elementor-column elementor-col-33 elementor-inner-column elementor-element elementor-element-66511c8 animated-slow elementor-invisible\" data-id=\"66511c8\" data-element_type=\"column\" data-settings=\"{&quot;animation&quot;:&quot;fadeInUp&quot;,&quot;animation_delay&quot;:800}\">\n\t\t\t<div class=\"elementor-widget-wrap elementor-element-populated\">\n\t\t\t\t\t\t\t\t<div class=\"elementor-element elementor-element-9bb2642 elementor-widget elementor-widget-image\" data-id=\"9bb2642\" data-element_type=\"widget\" data-widget_type=\"image.default\">\n\t\t\t\t<div class=\"elementor-widget-container\">\n\t\t\t<style>\/*! elementor - v3.6.1 - 23-03-2022 *\/\n.elementor-widget-image{text-align:center}.elementor-widget-image a{display:inline-block}.elementor-widget-image a img[src$=\".svg\"]{width:48px}.elementor-widget-image img{vertical-align:middle;display:inline-block}<\/style>\t\t\t\t\t\t\t\t\t\t\t\t<img width=\"473\" height=\"472\" src=\"https:\/\/leocor.rs\/wp-content\/uploads\/2023\/06\/leocor_-ISO-9001.png\" class=\"attachment-large size-large\" alt=\"\" loading=\"lazy\" \/>\t\t\t\t\t\t\t\t\t\t\t\t\t\t\t<\/div>\n\t\t\t\t<\/div>\n\t\t\t\t<div class=\"elementor-element elementor-element-f815c77 elementor-widget elementor-widget-avo-button\" data-id=\"f815c77\" data-element_type=\"widget\" data-widget_type=\"avo-button.default\">\n\t\t\t\t<div class=\"elementor-widget-container\">\n\t\t\t\r\n\r\n<div  style=\"text-align: center; width: 100%;\">\r\n\t<a href=\"https:\/\/leocor.rs\/wp-content\/uploads\/2023\/06\/LeoCor-certificate-9001.pdf\" class=\"button style-1 btn-lit mode-1\" data-wow-delay=\".5s\">\r\n\r\n\t\t<span>Download<\/span>\r\n\t<\/a>\r\n<\/div>\t\t<\/div>\n\t\t\t\t<\/div>\n\t\t\t\t\t<\/div>\n\t\t<\/div>\n\t\t\t\t<div class=\"elementor-column elementor-col-33 elementor-inner-column elementor-element elementor-element-0446601 animated-slow elementor-invisible\" data-id=\"0446601\" data-element_type=\"column\" data-settings=\"{&quot;animation&quot;:&quot;fadeInUp&quot;,&quot;animation_delay&quot;:1000}\">\n\t\t\t<div class=\"elementor-widget-wrap elementor-element-populated\">\n\t\t\t\t\t\t\t\t<div class=\"elementor-element elementor-element-4234d6e elementor-widget elementor-widget-image\" data-id=\"4234d6e\" data-element_type=\"widget\" data-widget_type=\"image.default\">\n\t\t\t\t<div class=\"elementor-widget-container\">\n\t\t\t\t\t\t\t\t\t\t\t\t\t\t\t<img width=\"473\" height=\"473\" src=\"https:\/\/leocor.rs\/wp-content\/uploads\/2023\/06\/leocor_-ISO-14001.png\" class=\"attachment-large size-large\" alt=\"\" loading=\"lazy\" \/>\t\t\t\t\t\t\t\t\t\t\t\t\t\t\t<\/div>\n\t\t\t\t<\/div>\n\t\t\t\t<div class=\"elementor-element elementor-element-28994f8 elementor-widget elementor-widget-avo-button\" data-id=\"28994f8\" data-element_type=\"widget\" data-widget_type=\"avo-button.default\">\n\t\t\t\t<div class=\"elementor-widget-container\">\n\t\t\t\r\n\r\n<div  style=\"text-align: center; width: 100%;\">\r\n\t<a href=\"https:\/\/leocor.rs\/wp-content\/uploads\/2023\/06\/LeoCor-certificate-14001.pdf\" class=\"button style-1 btn-lit mode-1\" data-wow-delay=\".5s\">\r\n\r\n\t\t<span>Download<\/span>\r\n\t<\/a>\r\n<\/div>\t\t<\/div>\n\t\t\t\t<\/div>\n\t\t\t\t\t<\/div>\n\t\t<\/div>\n\t\t\t\t<div class=\"elementor-column elementor-col-33 elementor-inner-column elementor-element elementor-element-7ad4b12 animated-slow elementor-invisible\" data-id=\"7ad4b12\" data-element_type=\"column\" data-settings=\"{&quot;animation&quot;:&quot;fadeInUp&quot;,&quot;animation_delay&quot;:1200}\">\n\t\t\t<div class=\"elementor-widget-wrap elementor-element-populated\">\n\t\t\t\t\t\t\t\t<div class=\"elementor-element elementor-element-28cf838 elementor-widget elementor-widget-image\" data-id=\"28cf838\" data-element_type=\"widget\" data-widget_type=\"image.default\">\n\t\t\t\t<div class=\"elementor-widget-container\">\n\t\t\t\t\t\t\t\t\t\t\t\t\t\t\t<img width=\"473\" height=\"473\" src=\"https:\/\/leocor.rs\/wp-content\/uploads\/2023\/06\/leocor_-ISO-45001.png\" class=\"attachment-large size-large\" alt=\"\" loading=\"lazy\" \/>\t\t\t\t\t\t\t\t\t\t\t\t\t\t\t<\/div>\n\t\t\t\t<\/div>\n\t\t\t\t<div class=\"elementor-element elementor-element-f4942eb elementor-widget elementor-widget-avo-button\" data-id=\"f4942eb\" data-element_type=\"widget\" data-widget_type=\"avo-button.default\">\n\t\t\t\t<div class=\"elementor-widget-container\">\n\t\t\t\r\n\r\n<div  style=\"text-align: center; width: 100%;\">\r\n\t<a href=\"https:\/\/leocor.rs\/wp-content\/uploads\/2023\/06\/LeoCor-certificate-45001.pdf\" class=\"button style-1 btn-lit mode-1\" data-wow-delay=\".5s\">\r\n\r\n\t\t<span>Download<\/span>\r\n\t<\/a>\r\n<\/div>\t\t<\/div>\n\t\t\t\t<\/div>\n\t\t\t\t\t<\/div>\n\t\t<\/div>\n\t\t\t\t\t\t\t<\/div>\n\t\t<\/section>\n\t\t\t\t\t<\/div>\n\t\t<\/div>\n\t\t\t\t<div class=\"elementor-column elementor-col-50 elementor-top-column elementor-element elementor-element-88f042b\" data-id=\"88f042b\" data-element_type=\"column\">\n\t\t\t<div class=\"elementor-widget-wrap elementor-element-populated\">\n\t\t\t\t\t\t\t\t<div class=\"elementor-element elementor-element-0586e47 elementor-widget elementor-widget-text-editor\" data-id=\"0586e47\" data-element_type=\"widget\" data-widget_type=\"text-editor.default\">\n\t\t\t\t<div class=\"elementor-widget-container\">\n\t\t\t<style>\/*! elementor - v3.6.1 - 23-03-2022 *\/\n.elementor-widget-text-editor.elementor-drop-cap-view-stacked .elementor-drop-cap{background-color:#818a91;color:#fff}.elementor-widget-text-editor.elementor-drop-cap-view-framed .elementor-drop-cap{color:#818a91;border:3px solid;background-color:transparent}.elementor-widget-text-editor:not(.elementor-drop-cap-view-default) .elementor-drop-cap{margin-top:8px}.elementor-widget-text-editor:not(.elementor-drop-cap-view-default) .elementor-drop-cap-letter{width:1em;height:1em}.elementor-widget-text-editor .elementor-drop-cap{float:left;text-align:center;line-height:1;font-size:50px}.elementor-widget-text-editor .elementor-drop-cap-letter{display:inline-block}<\/style>\t\t\t\t<p class=\" translation-block\">Leocor is committed to delivering excellent quality in all aspects of our business while maintaining sustainable practices.<\/p><p>With ISO 9001, ISO 14001, and ISO 45001 certifications, we demonstrate our dedication to rigorous quality management, environmental protection, and occupational health and safety.<\/p><p>Our company continuously focuses on sustainability, recognizing the importance of preserving resources and the environment. Through continuous process improvement and the implementation of environmentally friendly measures, Leocor strives for excellence in quality with minimal impact on the environment.<\/p><p>Our goal is to provide the highest quality products and services that meet the highest quality standards, while also promoting sustainable development.<\/p>\t\t\t\t\t\t<\/div>\n\t\t\t\t<\/div>\n\t\t\t\t\t<\/div>\n\t\t<\/div>\n\t\t\t\t\t\t\t<\/div>\n\t\t<\/section>\n\t\t\t\t\t\t\t<\/div>","protected":false},"excerpt":{"rendered":"<p>Preuzmite Preuzmite Preuzmite Leocor se posve\u0107uje pru\u017eanju izvrsnog kvaliteta u svim aspektima na\u0161eg poslovanja, uz istovremeno odr\u017eavanje odr\u017eivih praksi. Sa ISO 9001, ISO 14001 i ISO 45001 sertifikatima, dokazujemo na\u0161u posve\u0107enost rigoroznom upravljanju kvalitetom, za\u0161titi \u017eivotne sredine i bezbednosti na radu. Na\u0161a kompanija se kontinuirano usmerava ka odr\u017eivosti, svesni va\u017enosti o\u010duvanja resursa i \u017eivotne sredine. Kroz stalno pobolj\u0161anje procesa i &hellip;<\/p>","protected":false},"author":1,"featured_media":0,"parent":0,"menu_order":0,"comment_status":"closed","ping_status":"open","template":"blank-builder.php","meta":[],"_links":{"self":[{"href":"https:\/\/leocor.rs\/en\/wp-json\/wp\/v2\/pages\/798"}],"collection":[{"href":"https:\/\/leocor.rs\/en\/wp-json\/wp\/v2\/pages"}],"about":[{"href":"https:\/\/leocor.rs\/en\/wp-json\/wp\/v2\/types\/page"}],"author":[{"embeddable":true,"href":"https:\/\/leocor.rs\/en\/wp-json\/wp\/v2\/users\/1"}],"replies":[{"embeddable":true,"href":"https:\/\/leocor.rs\/en\/wp-json\/wp\/v2\/comments?post=798"}],"version-history":[{"count":46,"href":"https:\/\/leocor.rs\/en\/wp-json\/wp\/v2\/pages\/798\/revisions"}],"predecessor-version":[{"id":1177,"href":"https:\/\/leocor.rs\/en\/wp-json\/wp\/v2\/pages\/798\/revisions\/1177"}],"wp:attachment":[{"href":"https:\/\/leocor.rs\/en\/wp-json\/wp\/v2\/media?parent=798"}],"curies":[{"name":"wp","href":"https:\/\/api.w.org\/{rel}","templated":true}]}}